{"id":15434,"date":"2022-10-05T05:12:25","date_gmt":"2022-10-05T05:12:25","guid":{"rendered":"https:\/\/dukelanguage.com\/?page_id=15434"},"modified":"2022-10-05T05:12:47","modified_gmt":"2022-10-05T05:12:47","slug":"ed-visa-refund-policy-2","status":"publish","type":"page","link":"https:\/\/dukelanguage.com\/fr\/ed-visa-refund-policy-2\/","title":{"rendered":"Politique de remboursement du visa ed"},"content":{"rendered":"\n<style type=\"text\/css\" data-created_by=\"avia_inline_auto\" id=\"style-css-av-av_section-39624b3d217116ab8beea9c300ba3536\">\n.avia-section.av-av_section-39624b3d217116ab8beea9c300ba3536{\nbackground-color:#1e73be;\nbackground-image:unset;\n}\n.avia-section.av-av_section-39624b3d217116ab8beea9c300ba3536 .av-extra-border-element .av-extra-border-inner{\nbackground-color:#1e73be;\n}\n<\/style>\n<div id='av_section_1'  class='avia-section av-av_section-39624b3d217116ab8beea9c300ba3536 main_color avia-section-default avia-no-shadow  avia-builder-el-0  el_before_av_hr  avia-builder-el-first  avia-bg-style-scroll av-arrow-down-section container_wrap sidebar_right'  ><div class='container av-section-cont-open' ><main  class='template-page content  av-content-small alpha units'><div class='post-entry post-entry-type-page post-entry-15434'><div class='entry-content-wrapper clearfix'>\n\n<style type=\"text\/css\" data-created_by=\"avia_inline_auto\" id=\"style-css-av-av_textblock-0495ba487d93331d0a255e1072a23468\">\n#top .av_textblock_section.av-av_textblock-0495ba487d93331d0a255e1072a23468 .avia_textblock{\ncolor:#ffffff;\n}\n<\/style>\n<section  class='av_textblock_section av-av_textblock-0495ba487d93331d0a255e1072a23468 '  ><div class='avia_textblock av_inherit_color' ><h1 style=\"text-align: center;\">POLITIQUE DE REMBOURSEMENT DU VISA ED<\/h1>\n<\/div><\/section>\n<\/div><\/div><\/main><!-- close content main element --><\/div><div class='av-extra-border-element border-extra-arrow-down'><div class='av-extra-border-outer'><div class='av-extra-border-inner'><\/div><\/div><\/div><\/div><div id='after_section_1'  class='main_color av_default_container_wrap container_wrap sidebar_right'  ><div class='container av-section-cont-open' ><div class='template-page content  av-content-small alpha units'><div class='post-entry post-entry-type-page post-entry-15434'><div class='entry-content-wrapper clearfix'>\n<style type=\"text\/css\" data-created_by=\"avia_inline_auto\" id=\"style-css-av-av_hr-7ddfd78ed704848c721865835aa1b22f\">\n#top .hr.hr-invisible.av-av_hr-7ddfd78ed704848c721865835aa1b22f{\nheight:45px;\n}\n<\/style>\n<div  class='hr av-av_hr-7ddfd78ed704848c721865835aa1b22f hr-invisible  avia-builder-el-2  el_after_av_section  el_before_av_textblock  avia-builder-el-first '><span class='hr-inner '><span class=\"hr-inner-style\"><\/span><\/span><\/div><\/p>\n<section  class='av_textblock_section av-av_textblock-0366cc7376be6c9e82a3e9cc8987b64f '  ><div class='avia_textblock' ><h2>PR\u00c9VOYONS-NOUS UN REMBOURSEMENT?<\/h2>\n<p>La r\u00e9ponse est \u201coui\u201d et \u201cnon\u00a0\u00bb.<\/p>\n<p>Pour comprendre notre politique de remboursement, il est important de comprendre le processus de demande.<\/p>\n<h2>\u00c9TAPE 1: LETTRE D&rsquo;APPROBATION<\/h2>\n<p>Obtenir la lettre d&rsquo;approbation du minist\u00e8re de l&rsquo;\u00c9ducation est la premi\u00e8re \u00e9tape du processus. Tous les candidats sont tenus de remplir notre formulaire de demande et de nous envoyer une copie de leur passeport avec 12 photos de passeport. Ces documents seront soumis au minist\u00e8re de l&rsquo;\u00c9ducation apr\u00e8s r\u00e9ception du paiement int\u00e9gral des heures obligatoires de cours tha\u00eflandais requises pour le visa d&rsquo;\u00e9ducation.<\/p>\n<p>C&rsquo;est la partie pour laquelle Duke Language School est responsable. Si votre demande est rejet\u00e9e par le minist\u00e8re de l&rsquo;\u00c9ducation, nous vous fournirons un remboursement complet, exempt\u00e9 de 2 000 bahts.<\/p>\n<p><strong>\u00c0 noter<\/strong> &#8211; Bien que notre service soit gratuit et que nous ne facturons pas de frais d&rsquo;inscription, d&rsquo;administration ou de traitement comme d&rsquo;autres \u00e9coles, il y aura des frais d&rsquo;administration de 2 000 bahts pour couvrir nos d\u00e9penses, s&rsquo;il y a lieu un remboursement.<\/p>\n<h2>\u00c9TAPE 2: DEMANDE DE VISA (PAS DE REMBOURSEMENT)<\/h2>\n<p>Une fois que vous avez re\u00e7u votre lettre d&rsquo;approbation, cela signifie que Duke Language School a r\u00e9ussi \u00e0 vous accorder l&rsquo;autorisation du minist\u00e8re de l&rsquo;\u00c9ducation pour \u00e9tudier le tha\u00eflandais en Tha\u00eflande. Notre part est termin\u00e9e et il vous appartient maintenant de soumettre la lettre d&rsquo;approbation et de faire une demande de visa d&rsquo;\u00e9ducation \u00e0 l&rsquo;Ambassade Tha\u00ef en dehors de la Tha\u00eflande.<\/p>\n<p>\u00c0 ce stade, aucun remboursement n&rsquo;est fourni si votre demande est rejet\u00e9e par l&rsquo;ambassade.<\/p>\n<p>Voici quelques raisons:<\/p>\n<p><strong>Choix de l&rsquo;ambassade<\/strong> &#8211; Bien que nous vous conseillons \u00e0 ce sujet, il est de votre responsabilit\u00e9 de faire vos recherches et de d\u00e9cider de l&rsquo;Ambassade tha\u00ef pour laquelle effectuer votre demande de Visa ED. Certaines sont tr\u00e8s strictes tandis que d&rsquo;autres sont plus flexible. Le choix vous appartient.<\/p>\n<p><strong>Mauvais dossier<\/strong> &#8211; Votre demande pourrait \u00eatre rejet\u00e9e en raison d&rsquo;un casier judiciaire pass\u00e9 ou si vous avez \u00e9t\u00e9 mis en liste noire par l&rsquo;Ambassade pour des infractions ant\u00e9rieures. Quelle que soit la raison, nous ne sommes pas responsables de votre inconduite.<\/p>\n<p><strong>Politique<\/strong> &#8211; S&rsquo;il y a un conflit entre la Tha\u00eflande et votre pays d&rsquo;origine, votre chance d&rsquo;obtenir un visa d&rsquo;\u00e9ducation pourrait \u00eatre mince ou presque impossible. Dans ce cas, il est de votre responsabilit\u00e9 de v\u00e9rifier aupr\u00e8s de l&rsquo;ambassade tha\u00eflandaise que vous pr\u00e9voyez de visiter si elles peuvent vous accorder le visa d&rsquo;\u00e9ducation avant de s&rsquo;engager dans notre \u00e9cole.<\/p>\n<h2>AVERTISSEMENT<\/h2>\n<p>Duke Language School travaille dans le domaine de l&rsquo;enseignement tha\u00eflandais et de la vente de cours de langue tha\u00eflandaise.<\/p>\n<p><strong>Nous ne vendons pas de visa ED.<\/strong><\/p>\n<p>Si vous achetez suffisamment de cours, nous vous aiderons pour la demande du visa ED sans frais de service suppl\u00e9mentaires.<\/p>\n<p>Vous ne nous payez que pour \u00e9tudier le tha\u00ef dans notre \u00e9cole. Le co\u00fbt du visa ED est vers\u00e9 \u00e0 l&rsquo;Ambassade de votre choix. Ce sont deux choses distinctes. Ne les m\u00e9langez pas.<\/p>\n<p>Duke Language School est uniquement responsable d&rsquo;aider les candidats dans le processus de demande, en fournissant les heures obligatoires de cours tha\u00eflandais requis pour \u00eatre admissible au visa ED.<\/p>\n<p>Nous ne sommes pas une agence de visas ou un consulat tha\u00eflandais et n&rsquo;avons pas le pouvoir d&rsquo;approuver ou d&rsquo;\u00e9tendre votre visa.<\/p>\n<p>Pour plus d&rsquo;informations sur le visa ED, contactez l&rsquo;Ambassade tha\u00eflandaise que vous pr\u00e9voyez de visiter.<\/p>\n<\/div><\/section>\n\n<style type=\"text\/css\" data-created_by=\"avia_inline_auto\" id=\"style-css-av-av_hr-73ee5607e2d422c429c39f728b894fae\">\n#top .hr.hr-invisible.av-av_hr-73ee5607e2d422c429c39f728b894fae{\nmargin-top:-10px;\nheight:1px;\n}\n<\/style>\n<div  class='hr av-av_hr-73ee5607e2d422c429c39f728b894fae hr-invisible  avia-builder-el-4  el_after_av_textblock  el_before_av_textblock '><span class='hr-inner '><span class=\"hr-inner-style\"><\/span><\/span><\/div>\n<section  class='av_textblock_section av-av_textblock-0366cc7376be6c9e82a3e9cc8987b64f '  ><div class='avia_textblock' ><p style=\"text-align: left;\"><a href=\"#ninja-popup-2081\" class=\"snppopup-content\" rel=\"2081\"><\/p>\n<div class=\"avia-button-wrap avia-button-center avia-builder-el-5 el_after_av_textblock avia-builder-el-last \">\n<div class=\"avia-button avia-icon_select-yes-left-icon avia-color-theme-color avia-size-small avia-position-left \" style=\"padding: 15px; text-align: left;\"><span class=\"avia_iconbox_title\" style=\"font-size: 20px; text-align: center;\">Cliquez ici pour obtenir votre le\u00e7on GRATUITE<\/span><\/div>\n<\/div>\n<p> <\/a><\/p>\n<\/div><\/section>\n","protected":false},"excerpt":{"rendered":"","protected":false},"author":3,"featured_media":0,"parent":0,"menu_order":0,"comment_status":"closed","ping_status":"closed","template":"","meta":{"footnotes":""},"class_list":["post-15434","page","type-page","status-publish","hentry"],"aioseo_notices":[],"_links":{"self":[{"href":"https:\/\/dukelanguage.com\/fr\/wp-json\/wp\/v2\/pages\/15434","targetHints":{"allow":["GET"]}}],"collection":[{"href":"https:\/\/dukelanguage.com\/fr\/wp-json\/wp\/v2\/pages"}],"about":[{"href":"https:\/\/dukelanguage.com\/fr\/wp-json\/wp\/v2\/types\/page"}],"author":[{"embeddable":true,"href":"https:\/\/dukelanguage.com\/fr\/wp-json\/wp\/v2\/users\/3"}],"replies":[{"embeddable":true,"href":"https:\/\/dukelanguage.com\/fr\/wp-json\/wp\/v2\/comments?post=15434"}],"version-history":[{"count":2,"href":"https:\/\/dukelanguage.com\/fr\/wp-json\/wp\/v2\/pages\/15434\/revisions"}],"predecessor-version":[{"id":18299,"href":"https:\/\/dukelanguage.com\/fr\/wp-json\/wp\/v2\/pages\/15434\/revisions\/18299"}],"wp:attachment":[{"href":"https:\/\/dukelanguage.com\/fr\/wp-json\/wp\/v2\/media?parent=15434"}],"curies":[{"name":"wp","href":"https:\/\/api.w.org\/{rel}","templated":true}]}}