{"id":15444,"date":"2022-10-05T05:22:27","date_gmt":"2022-10-05T05:22:27","guid":{"rendered":"https:\/\/dukelanguage.com\/?page_id=15444"},"modified":"2022-11-12T10:13:52","modified_gmt":"2022-11-12T10:13:52","slug":"politique-dannulation","status":"publish","type":"page","link":"https:\/\/dukelanguage.com\/fr\/politique-dannulation\/","title":{"rendered":"Politique d&rsquo;Annulation"},"content":{"rendered":"\n<style type=\"text\/css\" data-created_by=\"avia_inline_auto\" id=\"style-css-av-3ob73-b5a9c8b7fcacb50a84e6fc354ac67b81\">\n.avia-section.av-3ob73-b5a9c8b7fcacb50a84e6fc354ac67b81{\nbackground-color:#1e73be;\nbackground-image:unset;\n}\n.avia-section.av-3ob73-b5a9c8b7fcacb50a84e6fc354ac67b81 .av-extra-border-element .av-extra-border-inner{\nbackground-color:#1e73be;\n}\n<\/style>\n<div id='av_section_1'  class='avia-section av-3ob73-b5a9c8b7fcacb50a84e6fc354ac67b81 main_color avia-section-default avia-no-shadow  avia-builder-el-0  el_before_av_hr  avia-builder-el-first  avia-bg-style-scroll av-arrow-down-section container_wrap sidebar_right'  ><div class='container av-section-cont-open' ><main  class='template-page content  av-content-small alpha units'><div class='post-entry post-entry-type-page post-entry-15444'><div class='entry-content-wrapper clearfix'>\n\n<style type=\"text\/css\" data-created_by=\"avia_inline_auto\" id=\"style-css-av-8wampb-c0a35cfefaa836c14417b33fc867c601\">\n#top .av_textblock_section.av-8wampb-c0a35cfefaa836c14417b33fc867c601 .avia_textblock{\ncolor:#ffffff;\n}\n<\/style>\n<section  class='av_textblock_section av-8wampb-c0a35cfefaa836c14417b33fc867c601 '  ><div class='avia_textblock av_inherit_color' ><h1 style=\"text-align: center;\">Politique d&rsquo;Annulation<\/h1>\n<\/div><\/section>\n<\/div><\/div><\/main><!-- close content main element --><\/div><div class='av-extra-border-element border-extra-arrow-down'><div class='av-extra-border-outer'><div class='av-extra-border-inner'><\/div><\/div><\/div><\/div><div id='after_section_1'  class='main_color av_default_container_wrap container_wrap sidebar_right'  ><div class='container av-section-cont-open' ><div class='template-page content  av-content-small alpha units'><div class='post-entry post-entry-type-page post-entry-15444'><div class='entry-content-wrapper clearfix'>\n<style type=\"text\/css\" data-created_by=\"avia_inline_auto\" id=\"style-css-av-72dy1b-eaf68d5bf1e3bee7421b276a1e86d214\">\n#top .hr.hr-invisible.av-72dy1b-eaf68d5bf1e3bee7421b276a1e86d214{\nheight:45px;\n}\n<\/style>\n<div  class='hr av-72dy1b-eaf68d5bf1e3bee7421b276a1e86d214 hr-invisible  avia-builder-el-2  el_after_av_section  el_before_av_textblock  avia-builder-el-first '><span class='hr-inner '><span class=\"hr-inner-style\"><\/span><\/span><\/div><\/p>\n<section  class='av_textblock_section av-68nrsv-40dad51583916e8f7cae56f13638646d '  ><div class='avia_textblock' ><p><span style=\"font-weight: 400;\">Aucune annulation de cours n&rsquo;est autoris\u00e9e par les \u00e9tudiants une fois que le cours a commenc\u00e9.<\/span><\/p>\n<p><span style=\"font-weight: 400;\">Les \u00e9tudiants peuvent reporter leur r\u00e9servation d&rsquo;un cours jusqu&rsquo;\u00e0 1 semaine avant la date de d\u00e9but d&rsquo;un cours en informant et \u00e9crivant \u00e0 Duke Language School. Le cours ne peut pas \u00eatre report\u00e9 de plus de 2 mois \u00e0 compter de la date de d\u00e9but du cours initialement r\u00e9serv\u00e9.<\/span><\/p>\n<p><span style=\"font-weight: 400;\">Duke Language School se r\u00e9serve le droit d&rsquo;annuler un cours ou une le\u00e7on priv\u00e9e avant la date de d\u00e9but. Dans de tels cas, les frais pay\u00e9s seront rembours\u00e9s par Duke Language School au prorata.<\/span><\/p>\n<p><a href=\"https:\/\/dukelanguage.com\/fr\/politique-de-remboursement\/\" target=\"_blank\" rel=\"noopener\">Cliquez ici<\/a> <span style=\"font-weight: 400;\">pour lire notre Politique de Remboursement.<\/span><\/p>\n<\/div><\/section>\n\n<style type=\"text\/css\" data-created_by=\"avia_inline_auto\" id=\"style-css-av-72dy1b-eaf68d5bf1e3bee7421b276a1e86d214\">\n#top .hr.hr-invisible.av-72dy1b-eaf68d5bf1e3bee7421b276a1e86d214{\nheight:45px;\n}\n<\/style>\n<div  class='hr av-72dy1b-eaf68d5bf1e3bee7421b276a1e86d214 hr-invisible  avia-builder-el-4  el_after_av_textblock  avia-builder-el-last '><span class='hr-inner '><span class=\"hr-inner-style\"><\/span><\/span><\/div>\n","protected":false},"excerpt":{"rendered":"","protected":false},"author":3,"featured_media":0,"parent":0,"menu_order":0,"comment_status":"closed","ping_status":"closed","template":"","meta":{"footnotes":""},"class_list":["post-15444","page","type-page","status-publish","hentry"],"aioseo_notices":[],"jetpack_sharing_enabled":true,"_links":{"self":[{"href":"https:\/\/dukelanguage.com\/fr\/wp-json\/wp\/v2\/pages\/15444","targetHints":{"allow":["GET"]}}],"collection":[{"href":"https:\/\/dukelanguage.com\/fr\/wp-json\/wp\/v2\/pages"}],"about":[{"href":"https:\/\/dukelanguage.com\/fr\/wp-json\/wp\/v2\/types\/page"}],"author":[{"embeddable":true,"href":"https:\/\/dukelanguage.com\/fr\/wp-json\/wp\/v2\/users\/3"}],"replies":[{"embeddable":true,"href":"https:\/\/dukelanguage.com\/fr\/wp-json\/wp\/v2\/comments?post=15444"}],"version-history":[{"count":5,"href":"https:\/\/dukelanguage.com\/fr\/wp-json\/wp\/v2\/pages\/15444\/revisions"}],"predecessor-version":[{"id":18355,"href":"https:\/\/dukelanguage.com\/fr\/wp-json\/wp\/v2\/pages\/15444\/revisions\/18355"}],"wp:attachment":[{"href":"https:\/\/dukelanguage.com\/fr\/wp-json\/wp\/v2\/media?parent=15444"}],"curies":[{"name":"wp","href":"https:\/\/api.w.org\/{rel}","templated":true}]}}