{"id":18302,"date":"2022-10-05T05:17:58","date_gmt":"2022-10-05T05:17:58","guid":{"rendered":"https:\/\/dukelanguage.com\/?page_id=18302"},"modified":"2023-05-24T05:39:50","modified_gmt":"2023-05-24T05:39:50","slug":"politique-de-remboursement","status":"publish","type":"page","link":"https:\/\/dukelanguage.com\/fr\/politique-de-remboursement\/","title":{"rendered":"Politique de Remboursement"},"content":{"rendered":"\n<style type=\"text\/css\" data-created_by=\"avia_inline_auto\" id=\"style-css-av-3ob73-b5a9c8b7fcacb50a84e6fc354ac67b81\">\n.avia-section.av-3ob73-b5a9c8b7fcacb50a84e6fc354ac67b81{\nbackground-color:#1e73be;\nbackground-image:unset;\n}\n.avia-section.av-3ob73-b5a9c8b7fcacb50a84e6fc354ac67b81 .av-extra-border-element .av-extra-border-inner{\nbackground-color:#1e73be;\n}\n<\/style>\n<div id='av_section_1'  class='avia-section av-3ob73-b5a9c8b7fcacb50a84e6fc354ac67b81 main_color avia-section-default avia-no-shadow  avia-builder-el-0  el_before_av_hr  avia-builder-el-first  avia-bg-style-scroll av-arrow-down-section container_wrap sidebar_right'  ><div class='container av-section-cont-open' ><main  class='template-page content  av-content-small alpha units'><div class='post-entry post-entry-type-page post-entry-18302'><div class='entry-content-wrapper clearfix'>\n\n<style type=\"text\/css\" data-created_by=\"avia_inline_auto\" id=\"style-css-av-8wampb-c0a35cfefaa836c14417b33fc867c601\">\n#top .av_textblock_section.av-8wampb-c0a35cfefaa836c14417b33fc867c601 .avia_textblock{\ncolor:#ffffff;\n}\n<\/style>\n<section  class='av_textblock_section av-8wampb-c0a35cfefaa836c14417b33fc867c601 '  ><div class='avia_textblock av_inherit_color' ><h1 style=\"text-align: center;\">Politique de Remboursement<\/h1>\n<\/div><\/section>\n<\/div><\/div><\/main><!-- close content main element --><\/div><div class='av-extra-border-element border-extra-arrow-down'><div class='av-extra-border-outer'><div class='av-extra-border-inner'><\/div><\/div><\/div><\/div><div id='after_section_1'  class='main_color av_default_container_wrap container_wrap sidebar_right'  ><div class='container av-section-cont-open' ><div class='template-page content  av-content-small alpha units'><div class='post-entry post-entry-type-page post-entry-18302'><div class='entry-content-wrapper clearfix'>\n\n<style type=\"text\/css\" data-created_by=\"avia_inline_auto\" id=\"style-css-av-72dy1b-eaf68d5bf1e3bee7421b276a1e86d214\">\n#top .hr.hr-invisible.av-72dy1b-eaf68d5bf1e3bee7421b276a1e86d214{\nheight:45px;\n}\n<\/style>\n<div  class='hr av-72dy1b-eaf68d5bf1e3bee7421b276a1e86d214 hr-invisible  avia-builder-el-2  el_after_av_section  el_before_av_textblock  avia-builder-el-first '><span class='hr-inner '><span class=\"hr-inner-style\"><\/span><\/span><\/div>\n<section  class='av_textblock_section av-68nrsv-583711f46278b979df96d72f58745395 '  ><div class='avia_textblock' ><p><span style=\"font-weight: 400;\">Tous les paiements sont non remboursables et non transf\u00e9rables, sauf si une classe ou un cours est annul\u00e9 par Duke Language School.<\/span><\/p>\n<p><span style=\"font-weight: 400;\">Tous les nouveaux clients sont invit\u00e9s \u00e0 prendre une le\u00e7on d&rsquo;essai avant de s&rsquo;inscrire \u00e0 un cours pour s&rsquo;assurer que vous avez fait le bon choix.<\/span><\/p>\n<p><a href=\"https:\/\/dukelanguage.com\/fr\/ed-visa-refund-policy\/\" target=\"_blank\" rel=\"noopener\">Cliquez ici<\/a> <span style=\"font-weight: 400;\">pour lire notre Politique de Remboursement du Visa ED.<\/span><\/p>\n<p><a href=\"https:\/\/dukelanguage.com\/fr\/politique-dannulation\/\" target=\"_blank\" rel=\"noopener\">Cliquez ici<\/a> <span style=\"font-weight: 400;\">pour lire notre Politique d&rsquo;Annulation.<\/span><\/p>\n<\/div><\/section>\n\n<style type=\"text\/css\" data-created_by=\"avia_inline_auto\" id=\"style-css-av-72dy1b-687b954a3ce48bf21ffe23d2ca62f6d6\">\n#top .hr.hr-invisible.av-72dy1b-687b954a3ce48bf21ffe23d2ca62f6d6{\nheight:45px;\n}\n<\/style>\n<div  class='hr av-72dy1b-687b954a3ce48bf21ffe23d2ca62f6d6 hr-invisible  avia-builder-el-4  el_after_av_textblock  avia-builder-el-last '><span class='hr-inner '><span class=\"hr-inner-style\"><\/span><\/span><\/div>\n","protected":false},"excerpt":{"rendered":"","protected":false},"author":6,"featured_media":0,"parent":0,"menu_order":0,"comment_status":"closed","ping_status":"closed","template":"","meta":{"footnotes":""},"class_list":["post-18302","page","type-page","status-publish","hentry"],"aioseo_notices":[],"_links":{"self":[{"href":"https:\/\/dukelanguage.com\/fr\/wp-json\/wp\/v2\/pages\/18302","targetHints":{"allow":["GET"]}}],"collection":[{"href":"https:\/\/dukelanguage.com\/fr\/wp-json\/wp\/v2\/pages"}],"about":[{"href":"https:\/\/dukelanguage.com\/fr\/wp-json\/wp\/v2\/types\/page"}],"author":[{"embeddable":true,"href":"https:\/\/dukelanguage.com\/fr\/wp-json\/wp\/v2\/users\/6"}],"replies":[{"embeddable":true,"href":"https:\/\/dukelanguage.com\/fr\/wp-json\/wp\/v2\/comments?post=18302"}],"version-history":[{"count":5,"href":"https:\/\/dukelanguage.com\/fr\/wp-json\/wp\/v2\/pages\/18302\/revisions"}],"predecessor-version":[{"id":18485,"href":"https:\/\/dukelanguage.com\/fr\/wp-json\/wp\/v2\/pages\/18302\/revisions\/18485"}],"wp:attachment":[{"href":"https:\/\/dukelanguage.com\/fr\/wp-json\/wp\/v2\/media?parent=18302"}],"curies":[{"name":"wp","href":"https:\/\/api.w.org\/{rel}","templated":true}]}}