{"id":3341,"date":"2013-08-21T04:35:51","date_gmt":"2013-08-21T04:35:51","guid":{"rendered":"http:\/\/dukelanguage.com\/student-visa-thailand\/"},"modified":"2024-09-24T06:45:51","modified_gmt":"2024-09-24T06:45:51","slug":"student-visa-thailand","status":"publish","type":"page","link":"https:\/\/dukelanguage.com\/fr\/student-visa-thailand\/","title":{"rendered":"Processus Demande"},"content":{"rendered":"\n<style type=\"text\/css\" data-created_by=\"avia_inline_auto\" id=\"style-css-av-49u7j-82c0c7652ec73bc6b6d48366285c0e5a\">\n.avia-section.av-49u7j-82c0c7652ec73bc6b6d48366285c0e5a{\nbackground-color:#1e73be;\nbackground-image:unset;\n}\n.avia-section.av-49u7j-82c0c7652ec73bc6b6d48366285c0e5a .av-extra-border-element .av-extra-border-inner{\nbackground-color:#1e73be;\n}\n<\/style>\n<div id='av_section_1'  class='avia-section av-49u7j-82c0c7652ec73bc6b6d48366285c0e5a main_color avia-section-default avia-no-shadow  avia-builder-el-0  el_before_av_hr  avia-builder-el-first  avia-bg-style-scroll av-arrow-down-section container_wrap sidebar_right'  ><div class='container av-section-cont-open' ><main  class='template-page content  av-content-small alpha units'><div class='post-entry post-entry-type-page post-entry-3341'><div class='entry-content-wrapper clearfix'>\n\n<style type=\"text\/css\" data-created_by=\"avia_inline_auto\" id=\"style-css-av-3qxhz-d37cc765a62c178b840e2f33943b4ba6\">\n#top .av_textblock_section.av-3qxhz-d37cc765a62c178b840e2f33943b4ba6 .avia_textblock{\ncolor:#ffffff;\n}\n<\/style>\n<section  class='av_textblock_section av-3qxhz-d37cc765a62c178b840e2f33943b4ba6 '  ><div class='avia_textblock av_inherit_color' ><h1 style=\"text-align: center;\"><span style=\"font-weight: 400;\">\u00c9TUDIEZ LE THA\u00cf ET D\u00c9COUVREZ LA THA\u00cfLANDE<\/span><\/h1>\n<\/div><\/section>\n<\/div><\/div><\/main><!-- close content main element --><\/div><div class='av-extra-border-element border-extra-arrow-down'><div class='av-extra-border-outer'><div class='av-extra-border-inner'><\/div><\/div><\/div><\/div><div id='after_section_1'  class='main_color av_default_container_wrap container_wrap sidebar_right'  ><div class='container av-section-cont-open' ><div class='template-page content  av-content-small alpha units'><div class='post-entry post-entry-type-page post-entry-3341'><div class='entry-content-wrapper clearfix'>\n\n<style type=\"text\/css\" data-created_by=\"avia_inline_auto\" id=\"style-css-av-azgn-2f84ef03d172275509f0654254b7287c\">\n#top .hr.hr-invisible.av-azgn-2f84ef03d172275509f0654254b7287c{\nheight:45px;\n}\n<\/style>\n<div  class='hr av-azgn-2f84ef03d172275509f0654254b7287c hr-invisible  avia-builder-el-2  el_after_av_section  el_before_av_textblock  avia-builder-el-first '><span class='hr-inner '><span class=\"hr-inner-style\"><\/span><\/span><\/div>\n<section  class='av_textblock_section av-2v77r-4ba715fa5544f9aa87a0b953ba45e7dd '  ><div class='avia_textblock' ><h3>Processus de Demande du Visa \u00c9ducation Tha\u00ef<\/h3>\n<p>Besoin de plus de temps pour s&rsquo;impr\u00e9gner de la culture et d\u00e9couvrir la Tha\u00eflande?<\/p>\n<p>En vous inscrivant \u00e0 notre programme de 8 mois ou 14 mois, vous obtiendrez le Visa non-immigrant ED.<\/p>\n<p><strong>Option 1 \u2013 Demande depuis Bangkok:<\/strong><\/p>\n<ol>\n<li>Entrez en Tha\u00eflande avec un visa touristique de 60 jours ou une exemption de visa.<\/li>\n<li>Apportez votre passeport et 13 photos d&rsquo;identit\u00e9 \u00e0 notre \u00e9cole.<\/li>\n<li>Avant de nous rendre visite, assurez-vous d&rsquo;avoir au moins 45 jours de validit\u00e9 sur votre visa touristique ou l\u2019exemption de visa.<\/li>\n<li>Remplissez les formulaires de demande de visa du Minist\u00e8re de l&rsquo;\u00c9ducation \u00e0 notre \u00e9cole.<\/li>\n<li>Patientez 2-4 semaines pour la lettre d\u2019approbation du Minist\u00e8re de l\u2019\u00c9ducation.<\/li>\n<li>Une fois pr\u00eats, nous vous emm\u00e8nerons \u00e0 l&rsquo;immigration pour demander le visa ED \u00e0 une date convenue.<\/li>\n<li>Attendez 2 semaines que l&rsquo;immigration vous accorde le visa ED.<\/li>\n<\/ol>\n<p><strong>Option 2 \u2013 Demande depuis votre pays d\u2019origine:<\/strong><\/p>\n<ol>\n<li>Remplissez ce <a href=\"https:\/\/dukelanguage.com\/fr\/visa-application\/\" target=\"_blank\" rel=\"noopener\">formulaire de demande<\/a>.<\/li>\n<li>Envoyez-nous un exemplaire de votre passeport (page principale + toutes les pages avec des timbres) avec votre signature sur chaque page.<\/li>\n<li>Imprimez et signez les formulaires de demande du Minist\u00e8re de l\u2019\u00c9ducation envoy\u00e9s par courrier \u00e9lectronique.<\/li>\n<li>Envoyez-nous les formulaires avec les copies de votre passeport et 12 photos (format Passeport).<\/li>\n<li>Patientez 2-4 semaines pour la lettre d\u2019approbation du Minist\u00e8re de l\u2019\u00c9ducation.<\/li>\n<li>Une fois pr\u00eat, la lettre d\u2019approbation vous sera envoy\u00e9e par la poste.<\/li>\n<li>Consultez votre ambassade ou consulat Tha\u00ef dans votre pays d\u2019origine pour postuler au Viisa non-immigrant ED.<\/li>\n<li>Une fois approuv\u00e9, venez en Tha\u00eflande en apportant votre passeport \u00e0 notre \u00e9cole dans les 7 premiers jours.<\/li>\n<\/ol>\n<p style=\"text-align: left;\">Besoin d&rsquo;une agence de visa agr\u00e9\u00e9e par l\u2019ambassade royale de Tha\u00eflande pour encadrer l&rsquo;obtention de votre visa ED pour la Tha\u00eflande ?<\/p>\n<p style=\"text-align: left;\">Contacter <a href=\"https:\/\/www.visathailande.fr\/\">www.visathailande.fr\/<\/a><\/p>\n<p style=\"text-align: left;\">Les candidats des <a href=\"http:\/\/dukelanguage.com\/list-of-nationalities\/\" target=\"_blank\" rel=\"noopener\">pays suivants<\/a> doivent fournir un certificat de casier judiciaire et demander le visa depuis leur pays d\u2019origine.<\/p>\n<p style=\"text-align: left;\"><a href=\"https:\/\/dukelanguage.com\/fr\/ed-visa-refund-policy\/\" target=\"_blank\" rel=\"noopener\"><strong>Cliquez ici pour lire notre POLITIQUE DE REMBOURSEMENT.<\/strong><\/a><\/p>\n<p style=\"text-align: left;\"><a href=\"https:\/\/dukelanguage.com\/fr\/what-you-need-to-know-after-your-ed-visa-is-approved\/\" target=\"_blank\" rel=\"noopener\"><strong>Cliquez ici pour savoir ce que vous devez faire APR\u00c8S que votre visa ED est approuv\u00e9.<\/strong><\/a><\/p>\n<p style=\"text-align: left;\">Appelez le +66 8-2444-1595 pour plus d\u2019informations ou envoyez-nous un courriel \u00e0 info@dukelanguage.com si vous avez des questions.<\/p>\n<\/div><\/section>\n\n<style type=\"text\/css\" data-created_by=\"avia_inline_auto\" id=\"style-css-av-28xwj-eb0191d4c7b0fd57dfb7fc5be4320097\">\n#top .hr.hr-invisible.av-28xwj-eb0191d4c7b0fd57dfb7fc5be4320097{\nmargin-top:-10px;\nheight:1px;\n}\n<\/style>\n<div  class='hr av-28xwj-eb0191d4c7b0fd57dfb7fc5be4320097 hr-invisible  avia-builder-el-4  el_after_av_textblock  el_before_av_textblock '><span class='hr-inner '><span class=\"hr-inner-style\"><\/span><\/span><\/div>\n<section  class='av_textblock_section av-1doqz-e57c08ccb6d3e9aed11b44325c5e1158 '  ><div class='avia_textblock' ><p style=\"text-align: left;\"><a href=\"#ninja-popup-2081\" class=\"snppopup-content\" rel=\"2081\"><\/p>\n<div class=\"avia-button-wrap avia-button-center avia-builder-el-5 el_after_av_textblock avia-builder-el-last \">\n<div class=\"avia-button avia-icon_select-yes-left-icon avia-color-theme-color avia-size-small avia-position-left \" style=\"padding: 15px; text-align: left;\">\n<p style=\"text-align: center;\">Cliquez ici pour obtenir votre cours d\u2019essai GRATUITEMENT<\/p>\n<\/div>\n<\/div>\n<p> <\/a><\/p>\n<\/div><\/section>\n\n<style type=\"text\/css\" data-created_by=\"avia_inline_auto\" id=\"style-css-av-pvvr-058620fddc07173e056355f03771ec63\">\n#top .hr.hr-invisible.av-pvvr-058620fddc07173e056355f03771ec63{\nheight:10px;\n}\n<\/style>\n<div  class='hr av-pvvr-058620fddc07173e056355f03771ec63 hr-invisible  avia-builder-el-6  el_after_av_textblock  avia-builder-el-last '><span class='hr-inner '><span class=\"hr-inner-style\"><\/span><\/span><\/div>\n","protected":false},"excerpt":{"rendered":"","protected":false},"author":1,"featured_media":0,"parent":0,"menu_order":0,"comment_status":"open","ping_status":"open","template":"","meta":{"footnotes":""},"class_list":["post-3341","page","type-page","status-publish","hentry"],"aioseo_notices":[],"jetpack_sharing_enabled":true,"_links":{"self":[{"href":"https:\/\/dukelanguage.com\/fr\/wp-json\/wp\/v2\/pages\/3341","targetHints":{"allow":["GET"]}}],"collection":[{"href":"https:\/\/dukelanguage.com\/fr\/wp-json\/wp\/v2\/pages"}],"about":[{"href":"https:\/\/dukelanguage.com\/fr\/wp-json\/wp\/v2\/types\/page"}],"author":[{"embeddable":true,"href":"https:\/\/dukelanguage.com\/fr\/wp-json\/wp\/v2\/users\/1"}],"replies":[{"embeddable":true,"href":"https:\/\/dukelanguage.com\/fr\/wp-json\/wp\/v2\/comments?post=3341"}],"version-history":[{"count":7,"href":"https:\/\/dukelanguage.com\/fr\/wp-json\/wp\/v2\/pages\/3341\/revisions"}],"predecessor-version":[{"id":20905,"href":"https:\/\/dukelanguage.com\/fr\/wp-json\/wp\/v2\/pages\/3341\/revisions\/20905"}],"wp:attachment":[{"href":"https:\/\/dukelanguage.com\/fr\/wp-json\/wp\/v2\/media?parent=3341"}],"curies":[{"name":"wp","href":"https:\/\/api.w.org\/{rel}","templated":true}]}}