{"id":3346,"date":"2017-03-20T08:18:10","date_gmt":"2017-03-20T08:18:10","guid":{"rendered":"http:\/\/dukelanguage.com\/ed-visa-refund-policy\/"},"modified":"2023-03-19T08:49:56","modified_gmt":"2023-03-19T08:49:56","slug":"ed-visa-refund-policy","status":"publish","type":"page","link":"https:\/\/dukelanguage.com\/fr\/ed-visa-refund-policy\/","title":{"rendered":"Politique de Remboursement"},"content":{"rendered":"\n<style type=\"text\/css\" data-created_by=\"avia_inline_auto\" id=\"style-css-av-3ob73-b5a9c8b7fcacb50a84e6fc354ac67b81\">\n.avia-section.av-3ob73-b5a9c8b7fcacb50a84e6fc354ac67b81{\nbackground-color:#1e73be;\nbackground-image:unset;\n}\n.avia-section.av-3ob73-b5a9c8b7fcacb50a84e6fc354ac67b81 .av-extra-border-element .av-extra-border-inner{\nbackground-color:#1e73be;\n}\n<\/style>\n<div id='av_section_1'  class='avia-section av-3ob73-b5a9c8b7fcacb50a84e6fc354ac67b81 main_color avia-section-default avia-no-shadow  avia-builder-el-0  el_before_av_hr  avia-builder-el-first  avia-bg-style-scroll av-arrow-down-section container_wrap sidebar_right'  ><div class='container av-section-cont-open' ><main  class='template-page content  av-content-small alpha units'><div class='post-entry post-entry-type-page post-entry-3346'><div class='entry-content-wrapper clearfix'>\n\n<style type=\"text\/css\" data-created_by=\"avia_inline_auto\" id=\"style-css-av-8wampb-c0a35cfefaa836c14417b33fc867c601\">\n#top .av_textblock_section.av-8wampb-c0a35cfefaa836c14417b33fc867c601 .avia_textblock{\ncolor:#ffffff;\n}\n<\/style>\n<section  class='av_textblock_section av-8wampb-c0a35cfefaa836c14417b33fc867c601 '  ><div class='avia_textblock av_inherit_color' ><h1 style=\"text-align: center;\">POLITIQUE DE REMBOURSEMENT DU VISA ED<\/h1>\n<\/div><\/section>\n<\/div><\/div><\/main><!-- close content main element --><\/div><div class='av-extra-border-element border-extra-arrow-down'><div class='av-extra-border-outer'><div class='av-extra-border-inner'><\/div><\/div><\/div><\/div><div id='after_section_1'  class='main_color av_default_container_wrap container_wrap sidebar_right'  ><div class='container av-section-cont-open' ><div class='template-page content  av-content-small alpha units'><div class='post-entry post-entry-type-page post-entry-3346'><div class='entry-content-wrapper clearfix'>\n\n<style type=\"text\/css\" data-created_by=\"avia_inline_auto\" id=\"style-css-av-72dy1b-eaf68d5bf1e3bee7421b276a1e86d214\">\n#top .hr.hr-invisible.av-72dy1b-eaf68d5bf1e3bee7421b276a1e86d214{\nheight:45px;\n}\n<\/style>\n<div  class='hr av-72dy1b-eaf68d5bf1e3bee7421b276a1e86d214 hr-invisible  avia-builder-el-2  el_after_av_section  el_before_av_textblock  avia-builder-el-first '><span class='hr-inner '><span class=\"hr-inner-style\"><\/span><\/span><\/div>\n<section  class='av_textblock_section av-68nrsv-40dad51583916e8f7cae56f13638646d '  ><div class='avia_textblock' ><h2 style=\"text-align: left;\">PR\u00c9VOYONS-NOUS UN REMBOURSEMENT?<\/h2>\n<p style=\"text-align: left;\">Oui, si votre demande n&rsquo;est pas approuv\u00e9e par le Minist\u00e8re de l&rsquo;\u00c9ducation, et non si votre demande est rejet\u00e9e par l&rsquo;ambassade, le consulat ou l&rsquo;immigration de Tha\u00eflande.<\/p>\n<p style=\"text-align: left;\">Pour comprendre notre politique de remboursement, il est important de comprendre le processus de demande.<\/p>\n<h2 style=\"text-align: left;\">\u00c9TAPE 1: LETTRE D\u2019APPROBATION (REMBOURSEMENT GARANTI)<\/h2>\n<p style=\"text-align: left;\">L&rsquo;obtention d&rsquo;une lettre d&rsquo;approbation du Minist\u00e8re de l&rsquo;\u00c9ducation est la premi\u00e8re partie du processus. Tous les candidats doivent remplir notre formulaire de demande et nous envoyer une copie de leur passeport avec 12 photos de format passeport. Une fois le paiement int\u00e9gral effectu\u00e9, ces documents seront soumis au Minist\u00e8re de l&rsquo;\u00c9ducation.<\/p>\n<p style=\"text-align: left;\">Si votre demande est rejet\u00e9e par le Minist\u00e8re de l&rsquo;\u00c9ducation, Duke Language School vous remboursera int\u00e9gralement, retirant 2000 baht de frais.<\/p>\n<p style=\"text-align: left;\">Bien que notre service d&rsquo;assistance pour les visas soit gratuit et que nous ne facturons pas de frais d&rsquo;inscription, d&rsquo;administration ou de traitement, il y aura des frais d&rsquo;administration de 2 000 bahts pour couvrir nos d\u00e9penses en cas de remboursement.<\/p>\n<h2 style=\"text-align: left;\">\u00c9TAPE 2: DEMANDE DE VISA (PAS DE REMBOURSEMENT)<\/h2>\n<p style=\"text-align: left;\">Une fois votre demande approuv\u00e9e par le Minist\u00e8re de l&rsquo;\u00c9ducation, vous avez obtenu l&rsquo;autorisation d&rsquo;\u00e9tudier le Tha\u00ef en Tha\u00eflande.<\/p>\n<p style=\"text-align: left;\">Cependant, la prochaine \u00e9tape consiste \u00e0 obtenir l&rsquo;autorisation de rester en Tha\u00eflande en soumettant la lettre d&rsquo;approbation du Minist\u00e8re de l&rsquo;\u00c9ducation \u00e0 une ambassade, un consulat ou un service d&rsquo;immigration tha\u00eflandais pour demander le visa ED.<\/p>\n<p style=\"text-align: left;\">\u00c0 ce stade, aucun remboursement n\u2019est fourni si votre demande est rejet\u00e9e par l\u2019ambassade.<\/p>\n<p style=\"text-align: left;\">Voici quelques raisons:<\/p>\n<p style=\"text-align: left;\"><strong>Choix de l\u2019ambassade ou du consulat<\/strong> \u2013 Il est de votre responsabilit\u00e9 de faire vos recherches avant de vous rendre dans une ambassade ou un consulat tha\u00eflandais. Certains sont tr\u00e8s stricts tandis que d&rsquo;autres sont moins exigeants. Le choix vous appartient.<\/p>\n<p style=\"text-align: left;\"><strong>Mauvais dossier<\/strong> &#8211; Votre demande pourrait \u00eatre rejet\u00e9e en raison d&rsquo;un casier judiciaire ant\u00e9rieur ou si vous avez \u00e9t\u00e9 inscrit sur une liste noire pour des infractions ant\u00e9rieures telles que le d\u00e9passement de la dur\u00e9e de s\u00e9jour, le d\u00e9passement des fronti\u00e8res, des demandes de trop de visas touristiques, le travail ill\u00e9gal en Tha\u00eflande, etc. Quelle que soit la raison, aucune \u00e9cole ne peut \u00eatre tenue responsable de votre mauvaise conduite.<\/p>\n<p style=\"text-align: left;\"><strong>Politique<\/strong> &#8211; S&rsquo;il y a un conflit entre la Tha\u00eflande et votre pays d&rsquo;origine, vos chances d&rsquo;obtenir le Visa ED pourraient \u00eatre minces ou presque impossibles. Il est de votre responsabilit\u00e9 de v\u00e9rifier aupr\u00e8s de l&rsquo;ambassade ou du consulat de Tha\u00eflande que vous pr\u00e9voyez de visiter avant de vous engager aupr\u00e8s de notre \u00e9cole.<\/p>\n<h2 style=\"text-align: left;\">CLAUSE DE NON-RESPONSABILIT\u00c9<\/h2>\n<p style=\"text-align: left;\">Duke Language School travaille dans le domaine de l\u2019enseignement et de la vente de cours de langue Tha\u00ef.<\/p>\n<p style=\"text-align: left;\"><strong>Nous ne vendons pas de visa ED.<\/strong><\/p>\n<p style=\"text-align: left;\">Si vous r\u00e9servez suffisamment de cours, nous vous aiderons pour la demande du visa ED sans frais de service ni frais suppl\u00e9mentaires.<\/p>\n<p style=\"text-align: left;\">Vous ne payez que pour les cours de tha\u00ef dans notre \u00e9cole. Le co\u00fbt du visa ED est pay\u00e9 directement \u00e0 l&rsquo;ambassade, au consulat ou \u00e0 l&rsquo;immigration, et le co\u00fbt de l&rsquo;extension est pay\u00e9 directement \u00e0 l&rsquo;immigration.<\/p>\n<p style=\"text-align: left;\">Nous ne sommes pas une agence de visas ou un consulat tha\u00eflandais et nous n&rsquo;avons pas le pouvoir d\u2019approuver ou d\u2019\u00e9tendre votre visa.<\/p>\n<p style=\"text-align: left;\">Pour plus d&rsquo;informations sur la demande de visa ED depuis l&rsquo;\u00e9tranger, <a href=\"https:\/\/www.thaiembassy.org\" target=\"_blank\" rel=\"noopener\">cliquez ici<\/a> pour contacter l&rsquo;ambassade ou le consulat tha\u00eflandais que vous pr\u00e9voyez de visiter.<\/p>\n<\/div><\/section>\n\n<style type=\"text\/css\" data-created_by=\"avia_inline_auto\" id=\"style-css-av-4gn8u7-e3ee1ac0e8aaf074610ab1afaecbb5ac\">\n#top .hr.hr-invisible.av-4gn8u7-e3ee1ac0e8aaf074610ab1afaecbb5ac{\nmargin-top:-10px;\nheight:1px;\n}\n<\/style>\n<div  class='hr av-4gn8u7-e3ee1ac0e8aaf074610ab1afaecbb5ac hr-invisible  avia-builder-el-4  el_after_av_textblock  el_before_av_textblock '><span class='hr-inner '><span class=\"hr-inner-style\"><\/span><\/span><\/div>\n<section  class='av_textblock_section av-9xkrj-b7d792c891a133a823c6de3c0b963ea7 '  ><div class='avia_textblock' ><p style=\"text-align: left;\"><a href=\"#ninja-popup-2081\" class=\"snppopup-content\" rel=\"2081\"><\/p>\n<div class=\"avia-button-wrap avia-button-center avia-builder-el-5 el_after_av_textblock avia-builder-el-last \">\n<div class=\"avia-button avia-icon_select-yes-left-icon avia-color-theme-color avia-size-small avia-position-left \" style=\"padding: 15px; text-align: left;\">\n<p style=\"text-align: center;\">Cliquez ici pour obtenir votre cours d\u2019essai GRATUITEMENT<\/p>\n<\/div>\n<\/div>\n<p> <\/a><\/p>\n<\/div><\/section>\n","protected":false},"excerpt":{"rendered":"","protected":false},"author":3,"featured_media":0,"parent":0,"menu_order":0,"comment_status":"closed","ping_status":"closed","template":"","meta":{"footnotes":""},"class_list":["post-3346","page","type-page","status-publish","hentry"],"aioseo_notices":[],"jetpack_sharing_enabled":true,"_links":{"self":[{"href":"https:\/\/dukelanguage.com\/fr\/wp-json\/wp\/v2\/pages\/3346","targetHints":{"allow":["GET"]}}],"collection":[{"href":"https:\/\/dukelanguage.com\/fr\/wp-json\/wp\/v2\/pages"}],"about":[{"href":"https:\/\/dukelanguage.com\/fr\/wp-json\/wp\/v2\/types\/page"}],"author":[{"embeddable":true,"href":"https:\/\/dukelanguage.com\/fr\/wp-json\/wp\/v2\/users\/3"}],"replies":[{"embeddable":true,"href":"https:\/\/dukelanguage.com\/fr\/wp-json\/wp\/v2\/comments?post=3346"}],"version-history":[{"count":5,"href":"https:\/\/dukelanguage.com\/fr\/wp-json\/wp\/v2\/pages\/3346\/revisions"}],"predecessor-version":[{"id":18451,"href":"https:\/\/dukelanguage.com\/fr\/wp-json\/wp\/v2\/pages\/3346\/revisions\/18451"}],"wp:attachment":[{"href":"https:\/\/dukelanguage.com\/fr\/wp-json\/wp\/v2\/media?parent=3346"}],"curies":[{"name":"wp","href":"https:\/\/api.w.org\/{rel}","templated":true}]}}