{"id":3349,"date":"2017-04-06T09:20:03","date_gmt":"2017-04-06T09:20:03","guid":{"rendered":"http:\/\/dukelanguage.com\/what-you-need-to-know-after-your-ed-visa-is-approved\/"},"modified":"2023-03-19T09:07:23","modified_gmt":"2023-03-19T09:07:23","slug":"what-you-need-to-know-after-your-ed-visa-is-approved","status":"publish","type":"page","link":"https:\/\/dukelanguage.com\/fr\/what-you-need-to-know-after-your-ed-visa-is-approved\/","title":{"rendered":"Approbation"},"content":{"rendered":"\n<style type=\"text\/css\" data-created_by=\"avia_inline_auto\" id=\"style-css-av-arfom5-7bbaad5fc4b4b2354694c151618ad18b\">\n.avia-section.av-arfom5-7bbaad5fc4b4b2354694c151618ad18b{\nbackground-color:#1e73be;\nbackground-image:unset;\n}\n.avia-section.av-arfom5-7bbaad5fc4b4b2354694c151618ad18b .av-extra-border-element .av-extra-border-inner{\nbackground-color:#1e73be;\n}\n<\/style>\n<div id='av_section_1'  class='avia-section av-arfom5-7bbaad5fc4b4b2354694c151618ad18b main_color avia-section-default avia-no-shadow  avia-builder-el-0  el_before_av_hr  avia-builder-el-first  avia-bg-style-scroll av-arrow-down-section container_wrap sidebar_right'  ><div class='container av-section-cont-open' ><main  class='template-page content  av-content-small alpha units'><div class='post-entry post-entry-type-page post-entry-3349'><div class='entry-content-wrapper clearfix'>\n\n<style type=\"text\/css\" data-created_by=\"avia_inline_auto\" id=\"style-css-av-vp6nx-49347b05db87e6bfc65be4ef5136133e\">\n#top .av_textblock_section.av-vp6nx-49347b05db87e6bfc65be4ef5136133e .avia_textblock{\ncolor:#ffffff;\n}\n<\/style>\n<section  class='av_textblock_section av-vp6nx-49347b05db87e6bfc65be4ef5136133e '  ><div class='avia_textblock av_inherit_color' ><h1 style=\"text-align: center;\">CE QUE VOUS DEVEZ SAVOIR APR\u00c8S QUE VOTRE VISA ED SOIT APPROUV\u00c9<\/h1>\n<\/div><\/section>\n<\/div><\/div><\/main><!-- close content main element --><\/div><div class='av-extra-border-element border-extra-arrow-down'><div class='av-extra-border-outer'><div class='av-extra-border-inner'><\/div><\/div><\/div><\/div><div id='after_section_1'  class='main_color av_default_container_wrap container_wrap sidebar_right'  ><div class='container av-section-cont-open' ><div class='template-page content  av-content-small alpha units'><div class='post-entry post-entry-type-page post-entry-3349'><div class='entry-content-wrapper clearfix'>\n\n<style type=\"text\/css\" data-created_by=\"avia_inline_auto\" id=\"style-css-av-7n0tvx-66bd7c390a217bdd2392628404715137\">\n#top .hr.hr-invisible.av-7n0tvx-66bd7c390a217bdd2392628404715137{\nheight:45px;\n}\n<\/style>\n<div  class='hr av-7n0tvx-66bd7c390a217bdd2392628404715137 hr-invisible  avia-builder-el-2  el_after_av_section  el_before_av_textblock  avia-builder-el-first '><span class='hr-inner '><span class=\"hr-inner-style\"><\/span><\/span><\/div>\n<section  class='av_textblock_section av-5ahhp9-239cd7154074ced266c6240f30de4eb8 '  ><div class='avia_textblock' ><h2>VISA DE 90 JOURS<\/h2>\n<p>Le visa ED pour \u00e9tudier le Tha\u00ef dans une \u00e9cole de langue tha\u00eflandaise n&rsquo;est pas un visa de 6 mois, 8 mois ou 12 mois.<\/p>\n<p>Le Visa ED est un visa de 90 jours, pouvant \u00eatre prolong\u00e9 jusqu\u2019\u00e0 5 fois.<\/p>\n<p>La premi\u00e8re extension est de 30 jours et les 4 extensions restantes sont de 60 jours.<\/p>\n<p>Si vous demandez les 5 extensions, cela totalisera 12 mois.<\/p>\n<p>Le visa ED pour les \u00e9coles de langues n&rsquo;est pas le m\u00eame que le visa ED pour les universit\u00e9s.<\/p>\n<p>Continuez \u00e0 lire pour plus d\u2019informations sur les extensions de visa.<\/p>\n<h2>VISITEZ NOTRE \u00c9COLE<\/h2>\n<p>Une fois que vous avez re\u00e7u votre visa ED non-immigrant \u00e0 entr\u00e9e unique de 90 jours d&rsquo;une ambassade \/ consulat tha\u00eflandais et que vous \u00eates entr\u00e9 en Tha\u00eflande, vous devez visiter notre \u00e9cole avec votre passeport dans les <strong>7 jours<\/strong>.<\/p>\n<p>Nous sommes tenus de soumettre des copies de votre passeport et de votre visa ED au Minist\u00e8re de l&rsquo;\u00c9ducation pour pr\u00e9parer votre extension.<\/p>\n<h2>EXTENSIONS DU VISA ED<\/h2>\n<p>Lorsque que vos 90 premiers jours sont proches de la fin, vous devrez \u00e9tendre r\u00e9guli\u00e8rement votre visa ED \u00e0 <a href=\"https:\/\/www.google.co.th\/maps\/dir\/13.7739818,100.546488\/Bangkok+Immigration,+The+Govenment+Complex,+B+Building,+Floor+2+(South+Zone)+Chaengwattana+Road+Laksi,+Kosum+Ruam+Chai+Soi+7,+Don+Mueang,+Bangkok+10210\/@13.8823444,100.5624158,15.34z\/data=!4m9!4m8!1m1!4e1!1m5!1m1!1s0x30e2832fc6eb267b:0x89b8245c90205593!2m2!1d100.5645139!2d13.8799792\" target=\"_blank\" rel=\"noopener\">l\u2019immigration<\/a>.<\/p>\n<p>Le co\u00fbt par extension est de 1 900 bahts. Pr\u00e9parez-vous \u00e0 \u00eatre interrog\u00e9 en tha\u00ef par l&rsquo;agent d&rsquo;immigration, mais ne vous inqui\u00e9tez pas, car les questions sont g\u00e9n\u00e9ralement simples, comme \u00ab\u00a0comment vous appelez-vous\u00a0\u00bb, \u00ab\u00a0d&rsquo;o\u00f9 venez-vous\u00a0\u00bb, \u00ab\u00a0qu&rsquo;aimez-vous manger\u00a0\u00bb, etc. Si vous avez suivi des cours et fait vos devoirs, il n&rsquo;est pas difficile de r\u00e9pondre \u00e0 ces questions.<\/p>\n<p>Dans la plupart des cas, vous obtiendrez une prolongation de 60 jours si vous parvenez \u00e0 convaincre l&rsquo;agent d&rsquo;immigration que vous avez \u00e9tudi\u00e9 le tha\u00ef. Ne pas le faire peut entra\u00eener une prolongation de 30 jours ou, dans le pire des cas, 7 jours pour faire ses valises et partir.<\/p>\n<h2>RAPPORTS DE 90 JOURS<\/h2>\n<p>Outre la prolongation de votre visa, vous devez <a href=\"https:\/\/www.immigration.go.th\/en\/?page_id=1666\" target=\"_blank\" rel=\"noopener\">d\u00e9clarer votre adresse \u00e0 l&rsquo;immigration<\/a> tous les 90 jours en Tha\u00eflande.<\/p>\n<p><strong>Ce n\u2019est pas une extension de visa.<\/strong><\/p>\n<p>Si vous n\u2019avez pas quitt\u00e9 le pays au cours de vos 90 premiers jours, votre premi\u00e8re extension de visa et un rapport de 90 jours co\u00efncideront. Vous aurez alors la possibilit\u00e9 d\u2019effectuer ces deux formalit\u00e9s \u00e0 l\u2019iImmigration le m\u00eame jour.<\/p>\n<p>Par la suite, votre rapport de 90 jours ne co\u00efncidera plus avec vos extensions de visa. Cependant, la bonne nouvelle est que vous n&rsquo;avez pas besoin de faire le rapport de 90 jours en personne. Vous pouvez payer un agent pour le faire pour vous, ou le faire en ligne si le <a href=\"https:\/\/tm47.immigration.go.th\/tm47\/#\/login\" target=\"_blank\" rel=\"noopener\">site<\/a> Web fonctionne. (Effectuer le 90 days report en ligne facilement).<\/p>\n<p><a href=\"https:\/\/www.visathailande.fr\/90-days-report-en-thailande\/\" target=\"_blank\" rel=\"noopener\">Effectuer le 90 days report en ligne, TUTO \u00e9tape par \u00e9tape.<\/a><\/p>\n<p>Il est possible d&rsquo;effectuer le 90 days Report, 15 jours avant ou 7 jours apr\u00e8s le d\u00e9lai de 90 jours. SI vous fa\u00eetes votre d\u00e9claration plus de 7 jours apr\u00e8s la date du rapport, vous serez condamn\u00e9 \u00e0 une amende de 2 000 bahts.<\/p>\n<h2>PERMISSION DE RE-ENTR\u00c9E<\/h2>\n<p>N\u2019oubliez pas de demander un RE-ENTRY PERMIT si vous pr\u00e9voyez de quitter la Tha\u00eflande pendant le visa ED. Le non-respect de cette obligation entra\u00eenera l\u2019annulation de votre visa ED lors de votre retour en Tha\u00eflande.<\/p>\n<p>Le co\u00fbt est de 1 000 bahts pour une simple entr\u00e9e, ou 3 800 baht pour un permis d\u2019entr\u00e9e multiples.<\/p>\n<p>Le RE-ENTRY PERMIT peut \u00eatre obtenu soit \u00e0 l\u2019immigration, soit \u00e0 l\u2019a\u00e9roport (Suvarnabhumi et Don Muang).<\/p>\n<p>L\u2019obtention d\u2019un RE-ENTRY PERMIT ne vous exon\u00e8re pas de vos extensions de visa. Vous devez revenir en Tha\u00eflande \u00e0 temps pour votre extension, ou votre visa ED sera r\u00e9voqu\u00e9 une fois d\u00e9pass\u00e9 la date d\u2019extension.<\/p>\n<p>Un RE-ENTRY PERMIT est SEULEMENT valide aussi longtemps que votre tampon de \u00ab prolongement du s\u00e9jour \u00bb actuel est valable.<\/p>\n<p>Quitter la Tha\u00eflande avec un permis de rentr\u00e9e gardera votre prolongation de s\u00e9jour active. Lorsque vous rentrerez en Tha\u00eflande, vous serez enregistr\u00e9 pour la m\u00eame \u00abdur\u00e9e initiale\u00bb que votre prolongation de s\u00e9jour.<\/p>\n<p>Le compte \u00e0 rebours pour le d\u00e9p\u00f4t de votre rapport de 90 jours se r\u00e9initialise chaque fois que vous rentrez en Tha\u00eflande. Votre prochain rapport de 90 jours sera d\u00fb 89 jours \u00e0 compter de la date \u00e0 laquelle vous entrez en Tha\u00eflande, car ils comptent le jour o\u00f9 vous entrez comme jour 1.<\/p>\n<p>NE jetez PAS votre ancien re\u00e7u de d\u00e9p\u00f4t d&rsquo;un rapport de 90 jours (m\u00eame si la date d&rsquo;\u00e9ch\u00e9ance de votre prochain rapport est erron\u00e9e). Conservez-le et remettez-le avec le formulaire de d\u00e9claration de 90 jours TM.47 lorsque vous produisez votre prochain rapport de 90 jours.<\/p>\n<\/div><\/section>\n\n<style type=\"text\/css\" data-created_by=\"avia_inline_auto\" id=\"style-css-av-3p5vkt-2a1e8cd81d9ed8cacafcf62464fcd36e\">\n#top .hr.hr-invisible.av-3p5vkt-2a1e8cd81d9ed8cacafcf62464fcd36e{\nmargin-top:-10px;\nheight:1px;\n}\n<\/style>\n<div  class='hr av-3p5vkt-2a1e8cd81d9ed8cacafcf62464fcd36e hr-invisible  avia-builder-el-4  el_after_av_textblock  el_before_av_textblock '><span class='hr-inner '><span class=\"hr-inner-style\"><\/span><\/span><\/div>\n<section  class='av_textblock_section av-24gjx9-d061453fa09b49455cd7998eb22133b1 '  ><div class='avia_textblock' ><p style=\"text-align: left;\"><a href=\"#ninja-popup-2081\" class=\"snppopup-content\" rel=\"2081\"><\/p>\n<div class=\"avia-button-wrap avia-button-center avia-builder-el-5 el_after_av_textblock avia-builder-el-last \">\n<div class=\"avia-button avia-icon_select-yes-left-icon avia-color-theme-color avia-size-small avia-position-left \" style=\"padding: 15px; text-align: left;\">\n<p style=\"text-align: center;\">Cliquez ici pour obtenir votre cours d\u2019essai GRATUITEMENT<\/p>\n<\/div>\n<\/div>\n<p> <\/a><\/p>\n<\/div><\/section>\n","protected":false},"excerpt":{"rendered":"","protected":false},"author":3,"featured_media":0,"parent":0,"menu_order":0,"comment_status":"closed","ping_status":"closed","template":"","meta":{"footnotes":""},"class_list":["post-3349","page","type-page","status-publish","hentry"],"aioseo_notices":[],"jetpack_sharing_enabled":true,"_links":{"self":[{"href":"https:\/\/dukelanguage.com\/fr\/wp-json\/wp\/v2\/pages\/3349","targetHints":{"allow":["GET"]}}],"collection":[{"href":"https:\/\/dukelanguage.com\/fr\/wp-json\/wp\/v2\/pages"}],"about":[{"href":"https:\/\/dukelanguage.com\/fr\/wp-json\/wp\/v2\/types\/page"}],"author":[{"embeddable":true,"href":"https:\/\/dukelanguage.com\/fr\/wp-json\/wp\/v2\/users\/3"}],"replies":[{"embeddable":true,"href":"https:\/\/dukelanguage.com\/fr\/wp-json\/wp\/v2\/comments?post=3349"}],"version-history":[{"count":5,"href":"https:\/\/dukelanguage.com\/fr\/wp-json\/wp\/v2\/pages\/3349\/revisions"}],"predecessor-version":[{"id":18455,"href":"https:\/\/dukelanguage.com\/fr\/wp-json\/wp\/v2\/pages\/3349\/revisions\/18455"}],"wp:attachment":[{"href":"https:\/\/dukelanguage.com\/fr\/wp-json\/wp\/v2\/media?parent=3349"}],"curies":[{"name":"wp","href":"https:\/\/api.w.org\/{rel}","templated":true}]}}