{"id":3360,"date":"2015-04-30T08:36:10","date_gmt":"2015-04-30T08:36:10","guid":{"rendered":"http:\/\/dukelanguage.com\/intensive-classes\/"},"modified":"2024-08-14T08:44:47","modified_gmt":"2024-08-14T08:44:47","slug":"intensive-classes-2","status":"publish","type":"page","link":"https:\/\/dukelanguage.com\/fr\/intensive-classes-2\/","title":{"rendered":"Cours du matin &#038; de l&rsquo;apr\u00e8s-midi"},"content":{"rendered":"<div id='layer_slider_1'  class='avia-layerslider main_color avia-shadow  avia-builder-el-0  el_before_av_one_fifth  avia-builder-el-first  container_wrap sidebar_right'  style='height: 351px;'  ><\/div><div id='after_layer_slider_1'  class='main_color av_default_container_wrap container_wrap sidebar_right'  ><div class='container av-section-cont-open' ><div class='template-page content  av-content-small alpha units'><div class='post-entry post-entry-type-page post-entry-3360'><div class='entry-content-wrapper clearfix'>\n<div  class='flex_column av-z07fwg-8a27a8a47241f297ec72d2d4f7cb7df3 av_one_fifth  avia-builder-el-1  el_after_av_layerslider  el_before_av_three_fifth  avia-builder-el-first  first flex_column_div  '     ><\/div>\n\n<style type=\"text\/css\" data-created_by=\"avia_inline_auto\" id=\"style-css-av-xcfqhc-a2ff4e6ad0149825b2b180f86be1830f\">\n.flex_column.av-xcfqhc-a2ff4e6ad0149825b2b180f86be1830f{\nborder-radius:0px 0px 0px 0px;\npadding:0px 0px 0px 0px;\n}\n<\/style>\n<div  class='flex_column av-xcfqhc-a2ff4e6ad0149825b2b180f86be1830f av_three_fifth  avia-builder-el-2  el_after_av_one_fifth  el_before_av_one_fifth  flex_column_div av-zero-column-padding  '     ><p>\n<style type=\"text\/css\" data-created_by=\"avia_inline_auto\" id=\"style-css-av-vopqsg-c509df76d2e2b9c83814f176bdccbb22\">\n#top .av-special-heading.av-vopqsg-c509df76d2e2b9c83814f176bdccbb22{\npadding-bottom:10px;\ncolor:#1e73be;\nfont-size:38px;\n}\nbody .av-special-heading.av-vopqsg-c509df76d2e2b9c83814f176bdccbb22 .av-special-heading-tag .heading-char{\nfont-size:25px;\n}\n#top #wrap_all .av-special-heading.av-vopqsg-c509df76d2e2b9c83814f176bdccbb22 .av-special-heading-tag{\nfont-size:38px;\n}\n.av-special-heading.av-vopqsg-c509df76d2e2b9c83814f176bdccbb22 .special-heading-inner-border{\nborder-color:#1e73be;\n}\n.av-special-heading.av-vopqsg-c509df76d2e2b9c83814f176bdccbb22 .av-subheading{\nfont-size:15px;\n}\n\n@media only screen and (min-width: 480px) and (max-width: 767px){ \n#top #wrap_all .av-special-heading.av-vopqsg-c509df76d2e2b9c83814f176bdccbb22 .av-special-heading-tag{\nfont-size:0.8em;\n}\n}\n\n@media only screen and (max-width: 479px){ \n#top #wrap_all .av-special-heading.av-vopqsg-c509df76d2e2b9c83814f176bdccbb22 .av-special-heading-tag{\nfont-size:0.8em;\n}\n}\n<\/style>\n<div  class='av-special-heading av-vopqsg-c509df76d2e2b9c83814f176bdccbb22 av-special-heading-h6 custom-color-heading blockquote modern-quote  avia-builder-el-3  el_before_av_hr  avia-builder-el-first  av-inherit-size'><h6 class='av-special-heading-tag '  >Le\u00e7ons Intensives en Groupe<\/h6><div class=\"special-heading-border\"><div class=\"special-heading-inner-border\"><\/div><\/div><\/div><br \/>\n\n<style type=\"text\/css\" data-created_by=\"avia_inline_auto\" id=\"style-css-av-uen800-ae5cb64ef107b06ef0edc62cdee843d3\">\n#top .hr.hr-invisible.av-uen800-ae5cb64ef107b06ef0edc62cdee843d3{\nheight:20px;\n}\n<\/style>\n<div  class='hr av-uen800-ae5cb64ef107b06ef0edc62cdee843d3 hr-invisible  avia-builder-el-4  el_after_av_heading  el_before_av_image '><span class='hr-inner '><span class=\"hr-inner-style\"><\/span><\/span><\/div><br \/>\n\n<style type=\"text\/css\" data-created_by=\"avia_inline_auto\" id=\"style-css-av-k4nx85lk-8655b5f762fdc6c7a82a937b23ba6dab\">\n.avia-image-container.av-k4nx85lk-8655b5f762fdc6c7a82a937b23ba6dab img.avia_image{\nbox-shadow:none;\n}\n.avia-image-container.av-k4nx85lk-8655b5f762fdc6c7a82a937b23ba6dab .av-image-caption-overlay-center{\ncolor:#ffffff;\n}\n<\/style>\n<div  class='avia-image-container av-k4nx85lk-8655b5f762fdc6c7a82a937b23ba6dab av-styling- avia-align-center  avia-builder-el-5  el_after_av_hr  el_before_av_hr '  ><div class=\"avia-image-container-inner\"><div class=\"avia-image-overlay-wrap\"><img decoding=\"async\" fetchpriority=\"high\" class='wp-image-20832 avia-img-lazy-loading-not-20832 avia_image ' src=\"https:\/\/dukelanguage.com\/wp-content\/uploads\/2024\/08\/Courses-table-01-1-1099x343.png\" alt='' title=''  height=\"343\" width=\"1099\" srcset=\"https:\/\/dukelanguage.com\/wp-content\/uploads\/2024\/08\/Courses-table-01-1-1099x343.png 1099w, https:\/\/dukelanguage.com\/wp-content\/uploads\/2024\/08\/Courses-table-01-1-300x94.png 300w, https:\/\/dukelanguage.com\/wp-content\/uploads\/2024\/08\/Courses-table-01-1-768x240.png 768w, https:\/\/dukelanguage.com\/wp-content\/uploads\/2024\/08\/Courses-table-01-1-1536x479.png 1536w, https:\/\/dukelanguage.com\/wp-content\/uploads\/2024\/08\/Courses-table-01-1-2048x639.png 2048w, https:\/\/dukelanguage.com\/wp-content\/uploads\/2024\/08\/Courses-table-01-1-1500x468.png 1500w, https:\/\/dukelanguage.com\/wp-content\/uploads\/2024\/08\/Courses-table-01-1-705x220.png 705w\" sizes=\"(max-width: 1099px) 100vw, 1099px\" \/><\/div><\/div><\/div><br \/>\n\n<style type=\"text\/css\" data-created_by=\"avia_inline_auto\" id=\"style-css-av-sn2rqo-ff41047d071d95c10a09565a7e4d63ae\">\n#top .hr.hr-invisible.av-sn2rqo-ff41047d071d95c10a09565a7e4d63ae{\nheight:15px;\n}\n<\/style>\n<div  class='hr av-sn2rqo-ff41047d071d95c10a09565a7e4d63ae hr-invisible  avia-builder-el-6  el_after_av_image  el_before_av_icon_box '><span class='hr-inner '><span class=\"hr-inner-style\"><\/span><\/span><\/div><br \/>\n\n<style type=\"text\/css\" data-created_by=\"avia_inline_auto\" id=\"style-css-av-rtso7k-894841d90c3e62424523eddce6c3ebf1\">\n.iconbox.av-rtso7k-894841d90c3e62424523eddce6c3ebf1 .iconbox_icon{\ncolor:#ff5656;\n}\n.iconbox.av-rtso7k-894841d90c3e62424523eddce6c3ebf1 .iconbox_icon.avia-svg-icon svg:first-child{\nfill:#ff5656;\nstroke:#ff5656;\n}\n#top #wrap_all .iconbox.av-rtso7k-894841d90c3e62424523eddce6c3ebf1 .iconbox_content_title{\ncolor:#3d73b3;\n}\n<\/style>\n<article  class='iconbox iconbox_left av-rtso7k-894841d90c3e62424523eddce6c3ebf1  avia-builder-el-7  el_after_av_hr  el_before_av_hr ' ><div class=\"iconbox_content\"><header class=\"entry-content-header\" aria-label=\"Ic\u00f4ne : CLIQUEZ ICI POUR PLUS D\u2019INFORMATIONS SUR NOS COURS\"><a href='https:\/\/dukelanguage.com\/fr\/cours-de-thai\/' title='CLIQUEZ ICI POUR PLUS D\u2019INFORMATIONS SUR NOS COURS' aria-label='CLIQUEZ ICI POUR PLUS D\u2019INFORMATIONS SUR NOS COURS'  target=\"_blank\"  rel=\"noopener noreferrer\" class='iconbox_icon heading-color avia-iconfont avia-font-entypo-fontello' data-av_icon='\ue81f' data-av_iconfont='entypo-fontello' title=\"CLIQUEZ ICI POUR PLUS D\u2019INFORMATIONS SUR NOS COURS\" desc=\"CLIQUEZ ICI POUR PLUS D\u2019INFORMATIONS SUR NOS COURS\" ><\/a><h3 class='iconbox_content_title ' ><a href='https:\/\/dukelanguage.com\/fr\/cours-de-thai\/' title='CLIQUEZ ICI POUR PLUS D\u2019INFORMATIONS SUR NOS COURS'  target=\"_blank\"  rel=\"noopener noreferrer\">CLIQUEZ ICI POUR PLUS D\u2019INFORMATIONS SUR NOS COURS<\/a><\/h3><\/header><div class='iconbox_content_container ' ><\/div><\/div><footer class=\"entry-footer\"><\/footer><\/article><br \/>\n\n<style type=\"text\/css\" data-created_by=\"avia_inline_auto\" id=\"style-css-av-qaepsw-4db566b4a9754a8e5d791ca2ddebd0cf\">\n#top .hr.hr-invisible.av-qaepsw-4db566b4a9754a8e5d791ca2ddebd0cf{\nmargin-top:-10px;\nheight:1px;\n}\n<\/style>\n<div  class='hr av-qaepsw-4db566b4a9754a8e5d791ca2ddebd0cf hr-invisible  avia-builder-el-8  el_after_av_icon_box  el_before_av_icon_box '><span class='hr-inner '><span class=\"hr-inner-style\"><\/span><\/span><\/div><br \/>\n\n<style type=\"text\/css\" data-created_by=\"avia_inline_auto\" id=\"style-css-av-nw5fog-72c4a03f9fdc889f24834c9d05e95ef9\">\n.iconbox.av-nw5fog-72c4a03f9fdc889f24834c9d05e95ef9 .iconbox_icon{\ncolor:#ff5656;\n}\n.iconbox.av-nw5fog-72c4a03f9fdc889f24834c9d05e95ef9 .iconbox_icon.avia-svg-icon svg:first-child{\nfill:#ff5656;\nstroke:#ff5656;\n}\n#top #wrap_all .iconbox.av-nw5fog-72c4a03f9fdc889f24834c9d05e95ef9 .iconbox_content_title{\ncolor:#3d73b3;\n}\n<\/style>\n<article  class='iconbox iconbox_left av-nw5fog-72c4a03f9fdc889f24834c9d05e95ef9  avia-builder-el-9  el_after_av_hr  el_before_av_hr ' ><div class=\"iconbox_content\"><header class=\"entry-content-header\" aria-label=\"Ic\u00f4ne : APPELEZ LE 082 444 1595 POUR R\u00c9SERVER UNE LE\u00c7ON GRATUITE\"><div class='iconbox_icon heading-color avia-iconfont avia-font-entypo-fontello' data-av_icon='\ue854' data-av_iconfont='entypo-fontello'  ><\/div><h3 class='iconbox_content_title ' >APPELEZ LE 082 444 1595 POUR R\u00c9SERVER UNE LE\u00c7ON GRATUITE<\/h3><\/header><div class='iconbox_content_container ' ><\/div><\/div><footer class=\"entry-footer\"><\/footer><\/article><br \/>\n\n<style type=\"text\/css\" data-created_by=\"avia_inline_auto\" id=\"style-css-av-lzn33k-94f3e79d45ccf3fa144c65b81efa3003\">\n#top .hr.hr-invisible.av-lzn33k-94f3e79d45ccf3fa144c65b81efa3003{\nmargin-top:-10px;\nheight:1px;\n}\n<\/style>\n<div  class='hr av-lzn33k-94f3e79d45ccf3fa144c65b81efa3003 hr-invisible  avia-builder-el-10  el_after_av_icon_box  el_before_av_icon_box '><span class='hr-inner '><span class=\"hr-inner-style\"><\/span><\/span><\/div><br \/>\n\n<style type=\"text\/css\" data-created_by=\"avia_inline_auto\" id=\"style-css-av-knhz4g-1a7495da0923018b5cd07ada98ae877a\">\n.iconbox.av-knhz4g-1a7495da0923018b5cd07ada98ae877a .iconbox_icon{\ncolor:#ff5656;\n}\n.iconbox.av-knhz4g-1a7495da0923018b5cd07ada98ae877a .iconbox_icon.avia-svg-icon svg:first-child{\nfill:#ff5656;\nstroke:#ff5656;\n}\n#top #wrap_all .iconbox.av-knhz4g-1a7495da0923018b5cd07ada98ae877a .iconbox_content_title{\ncolor:#3d73b3;\n}\n<\/style>\n<article  class='iconbox iconbox_left av-knhz4g-1a7495da0923018b5cd07ada98ae877a  avia-builder-el-11  el_after_av_hr  el_before_av_hr ' ><div class=\"iconbox_content\"><header class=\"entry-content-header\" aria-label=\"Ic\u00f4ne : CLIQUEZ ICI POUR V\u00c9RIFIER LE PLANNING\"><a href='https:\/\/dukelanguage.com\/schedule-calendar\/' title='CLIQUEZ ICI POUR V\u00c9RIFIER LE PLANNING' aria-label='CLIQUEZ ICI POUR V\u00c9RIFIER LE PLANNING'  target=\"_blank\"  rel=\"noopener noreferrer\" class='iconbox_icon heading-color avia-iconfont avia-font-entypo-fontello' data-av_icon='\ue84c' data-av_iconfont='entypo-fontello' title=\"CLIQUEZ ICI POUR V\u00c9RIFIER LE PLANNING\" desc=\"CLIQUEZ ICI POUR V\u00c9RIFIER LE PLANNING\" ><\/a><h3 class='iconbox_content_title ' ><a href='https:\/\/dukelanguage.com\/schedule-calendar\/' title='CLIQUEZ ICI POUR V\u00c9RIFIER LE PLANNING'  target=\"_blank\"  rel=\"noopener noreferrer\">CLIQUEZ ICI POUR V\u00c9RIFIER LE PLANNING<\/a><\/h3><\/header><div class='iconbox_content_container ' ><\/div><\/div><footer class=\"entry-footer\"><\/footer><\/article><br \/>\n\n<style type=\"text\/css\" data-created_by=\"avia_inline_auto\" id=\"style-css-av-iiyhlc-26ca61acf2b6c675944841cdc82e6194\">\n#top .hr.hr-invisible.av-iiyhlc-26ca61acf2b6c675944841cdc82e6194{\nmargin-top:-10px;\nheight:1px;\n}\n<\/style>\n<div  class='hr av-iiyhlc-26ca61acf2b6c675944841cdc82e6194 hr-invisible  avia-builder-el-12  el_after_av_icon_box  el_before_av_icon_box '><span class='hr-inner '><span class=\"hr-inner-style\"><\/span><\/span><\/div><br \/>\n\n<style type=\"text\/css\" data-created_by=\"avia_inline_auto\" id=\"style-css-av-gu6k5s-31bb390d3d3b0263e70687bf23117c40\">\n.iconbox.av-gu6k5s-31bb390d3d3b0263e70687bf23117c40 .iconbox_icon{\ncolor:#ff5656;\n}\n.iconbox.av-gu6k5s-31bb390d3d3b0263e70687bf23117c40 .iconbox_icon.avia-svg-icon svg:first-child{\nfill:#ff5656;\nstroke:#ff5656;\n}\n#top #wrap_all .iconbox.av-gu6k5s-31bb390d3d3b0263e70687bf23117c40 .iconbox_content_title{\ncolor:#3d73b3;\n}\n<\/style>\n<article  class='iconbox iconbox_left av-gu6k5s-31bb390d3d3b0263e70687bf23117c40  avia-builder-el-13  el_after_av_hr  avia-builder-el-last ' ><div class=\"iconbox_content\"><header class=\"entry-content-header\" aria-label=\"Ic\u00f4ne : MANUEL - 500 BAHT\"><div class='iconbox_icon heading-color avia-iconfont avia-font-entypo-fontello' data-av_icon='\ue84f' data-av_iconfont='entypo-fontello'  ><\/div><h3 class='iconbox_content_title ' >MANUEL - 500 BAHT<\/h3><\/header><div class='iconbox_content_container ' ><\/div><\/div><footer class=\"entry-footer\"><\/footer><\/article><\/p><\/div>\n<style type=\"text\/css\" data-created_by=\"avia_inline_auto\" id=\"style-css-av-fk2bn4-650f0985ce99cf7d5634fa01817aa9c0\">\n.flex_column.av-fk2bn4-650f0985ce99cf7d5634fa01817aa9c0{\nborder-radius:0px 0px 0px 0px;\npadding:0px 0px 0px 0px;\n}\n<\/style>\n<div  class='flex_column av-fk2bn4-650f0985ce99cf7d5634fa01817aa9c0 av_one_fifth  avia-builder-el-14  el_after_av_three_fifth  el_before_av_hr  flex_column_div av-zero-column-padding  '     ><\/div><\/p>\n\n<style type=\"text\/css\" data-created_by=\"avia_inline_auto\" id=\"style-css-av-dhcmxs-04568789d9879b9f2acceddff4e6d749\">\n#top .hr.hr-invisible.av-dhcmxs-04568789d9879b9f2acceddff4e6d749{\nheight:20px;\n}\n<\/style>\n<div  class='hr av-dhcmxs-04568789d9879b9f2acceddff4e6d749 hr-invisible  avia-builder-el-15  el_after_av_one_fifth  el_before_av_section  avia-builder-el-last '><span class='hr-inner '><span class=\"hr-inner-style\"><\/span><\/span><\/div>\n<\/div><\/div><\/div><!-- close content main div --><\/div><\/div>\n<style type=\"text\/css\" data-created_by=\"avia_inline_auto\" id=\"style-css-av-c36fsg-3d26f1c8dcf927cf33345fb5afffd518\">\n.avia-section.av-c36fsg-3d26f1c8dcf927cf33345fb5afffd518{\nbackground-color:#f9f9ef;\nbackground-image:unset;\n}\n<\/style>\n<div id='av_section_1'  class='avia-section av-c36fsg-3d26f1c8dcf927cf33345fb5afffd518 main_color avia-section-default avia-no-shadow  avia-builder-el-16  el_after_av_hr  avia-builder-el-last  avia-bg-style-scroll container_wrap sidebar_right'  ><div class='container av-section-cont-open' ><div class='template-page content  av-content-small alpha units'><div class='post-entry post-entry-type-page post-entry-3360'><div class='entry-content-wrapper clearfix'>\n\n<style type=\"text\/css\" data-created_by=\"avia_inline_auto\" id=\"style-css-av-15ceu8-9919c80f5c1cf3000853481ad3da1307\">\n#top .av-special-heading.av-15ceu8-9919c80f5c1cf3000853481ad3da1307{\npadding-bottom:10px;\nfont-size:41px;\n}\nbody .av-special-heading.av-15ceu8-9919c80f5c1cf3000853481ad3da1307 .av-special-heading-tag .heading-char{\nfont-size:25px;\n}\n#top #wrap_all .av-special-heading.av-15ceu8-9919c80f5c1cf3000853481ad3da1307 .av-special-heading-tag{\nfont-size:41px;\n}\n.av-special-heading.av-15ceu8-9919c80f5c1cf3000853481ad3da1307 .av-subheading{\nfont-size:15px;\n}\n\n@media only screen and (min-width: 480px) and (max-width: 767px){ \n#top #wrap_all .av-special-heading.av-15ceu8-9919c80f5c1cf3000853481ad3da1307 .av-special-heading-tag{\nfont-size:0.8em;\n}\n}\n\n@media only screen and (max-width: 479px){ \n#top #wrap_all .av-special-heading.av-15ceu8-9919c80f5c1cf3000853481ad3da1307 .av-special-heading-tag{\nfont-size:0.8em;\n}\n}\n<\/style>\n<div  class='av-special-heading av-15ceu8-9919c80f5c1cf3000853481ad3da1307 av-special-heading-h2 blockquote modern-quote modern-centered  avia-builder-el-17  el_before_av_one_third  avia-builder-el-first  av-inherit-size'><h2 class='av-special-heading-tag '  >P R O M O T I O N<\/h2><div class=\"special-heading-border\"><div class=\"special-heading-inner-border\"><\/div><\/div><\/div>\n<div  class='flex_column av-uijcg-94512b5e437f3c33ee0a8a623ba45ce4 av_one_third  avia-builder-el-18  el_after_av_heading  el_before_av_one_third  first flex_column_div  '     ><section  class='av_textblock_section av-k4nx8x07-4a8bb0f58980131a060033a2d466857d '  ><div class='avia_textblock' ><a href=\"#ninja-popup-2081\" class=\"snppopup-content\" rel=\"2081\"><\/p>\n<div class=\"promotionprice\"><img loading=\"lazy\" decoding=\"async\" class=\"aligncenter wp-image-20772\" src=\"https:\/\/dukelanguage.com\/wp-content\/uploads\/2024\/07\/Discount-banner-for-website-01-2-1099x424.png\" alt=\"\" width=\"360\" height=\"139\" srcset=\"https:\/\/dukelanguage.com\/wp-content\/uploads\/2024\/07\/Discount-banner-for-website-01-2-1099x424.png 1099w, https:\/\/dukelanguage.com\/wp-content\/uploads\/2024\/07\/Discount-banner-for-website-01-2-300x116.png 300w, https:\/\/dukelanguage.com\/wp-content\/uploads\/2024\/07\/Discount-banner-for-website-01-2-768x296.png 768w, https:\/\/dukelanguage.com\/wp-content\/uploads\/2024\/07\/Discount-banner-for-website-01-2-705x272.png 705w, https:\/\/dukelanguage.com\/wp-content\/uploads\/2024\/07\/Discount-banner-for-website-01-2.png 1448w\" sizes=\"auto, (max-width: 360px) 100vw, 360px\" \/><\/div>\n<p> <\/a>\n<\/div><\/section><\/div>\n<style type=\"text\/css\" data-created_by=\"avia_inline_auto\" id=\"style-css-av-6ya25s-e30a62e5f5036e48c7d391af1dbcf83c\">\n.flex_column.av-6ya25s-e30a62e5f5036e48c7d391af1dbcf83c{\nborder-radius:0px 0px 0px 0px;\npadding:0px 0px 0px 0px;\n}\n<\/style>\n<div  class='flex_column av-6ya25s-e30a62e5f5036e48c7d391af1dbcf83c av_one_third  avia-builder-el-20  el_after_av_one_third  el_before_av_one_third  flex_column_div av-zero-column-padding  '     ><section  class='av_textblock_section av-k4nx9kmg-f4e2ccd1078b9cd57d3c5c430320456e '  ><div class='avia_textblock' ><a href=\"#ninja-popup-2081\" class=\"snppopup-content\" rel=\"2081\"><\/p>\n<div class=\"promotionprice\"><img loading=\"lazy\" decoding=\"async\" class=\"aligncenter wp-image-20778\" src=\"https:\/\/dukelanguage.com\/wp-content\/uploads\/2024\/07\/Discount-banner-for-website-02-2-1099x424.png\" alt=\"\" width=\"360\" height=\"139\" srcset=\"https:\/\/dukelanguage.com\/wp-content\/uploads\/2024\/07\/Discount-banner-for-website-02-2-1099x424.png 1099w, https:\/\/dukelanguage.com\/wp-content\/uploads\/2024\/07\/Discount-banner-for-website-02-2-300x116.png 300w, https:\/\/dukelanguage.com\/wp-content\/uploads\/2024\/07\/Discount-banner-for-website-02-2-768x296.png 768w, https:\/\/dukelanguage.com\/wp-content\/uploads\/2024\/07\/Discount-banner-for-website-02-2-705x272.png 705w, https:\/\/dukelanguage.com\/wp-content\/uploads\/2024\/07\/Discount-banner-for-website-02-2.png 1448w\" sizes=\"auto, (max-width: 360px) 100vw, 360px\" \/><\/div>\n<p> <\/a>\n<\/div><\/section><\/div>\n<style type=\"text\/css\" data-created_by=\"avia_inline_auto\" id=\"style-css-av-65otow-82fa340558037b4594e5873d073adc76\">\n.flex_column.av-65otow-82fa340558037b4594e5873d073adc76{\nborder-radius:0px 0px 0px 0px;\npadding:0px 0px 0px 0px;\n}\n<\/style>\n<div  class='flex_column av-65otow-82fa340558037b4594e5873d073adc76 av_one_third  avia-builder-el-22  el_after_av_one_third  el_before_av_hr  flex_column_div av-zero-column-padding  '     ><section  class='av_textblock_section av-k4nxa9ya-55cd2149a92f3be7cfb727d56fb51186 '  ><div class='avia_textblock' ><a href=\"#ninja-popup-2081\" class=\"snppopup-content\" rel=\"2081\"><\/p>\n<div class=\"promotionprice\"><img loading=\"lazy\" decoding=\"async\" class=\"aligncenter wp-image-20784\" src=\"https:\/\/dukelanguage.com\/wp-content\/uploads\/2024\/07\/Discount-banner-for-website-03-2-1099x424.png\" alt=\"\" width=\"360\" height=\"139\" srcset=\"https:\/\/dukelanguage.com\/wp-content\/uploads\/2024\/07\/Discount-banner-for-website-03-2-1099x424.png 1099w, https:\/\/dukelanguage.com\/wp-content\/uploads\/2024\/07\/Discount-banner-for-website-03-2-300x116.png 300w, https:\/\/dukelanguage.com\/wp-content\/uploads\/2024\/07\/Discount-banner-for-website-03-2-768x296.png 768w, https:\/\/dukelanguage.com\/wp-content\/uploads\/2024\/07\/Discount-banner-for-website-03-2-705x272.png 705w, https:\/\/dukelanguage.com\/wp-content\/uploads\/2024\/07\/Discount-banner-for-website-03-2.png 1448w\" sizes=\"auto, (max-width: 360px) 100vw, 360px\" \/><\/div>\n<p> <\/a>\n<\/div><\/section><\/div>\n<style type=\"text\/css\" data-created_by=\"avia_inline_auto\" id=\"style-css-av-4e289s-ef3c92b7bc0119e2739da1fd3d912eaf\">\n#top .hr.hr-invisible.av-4e289s-ef3c92b7bc0119e2739da1fd3d912eaf{\nheight:20px;\n}\n<\/style>\n<div  class='hr av-4e289s-ef3c92b7bc0119e2739da1fd3d912eaf hr-invisible  avia-builder-el-24  el_after_av_one_third  el_before_av_textblock '><span class='hr-inner '><span class=\"hr-inner-style\"><\/span><\/span><\/div>\n<section  class='av_textblock_section av-2kr6xc-eb38119883706df85b85f174ed729410 '  ><div class='avia_textblock' ><a href=\"#ninja-popup-2081\" class=\"snppopup-content\" rel=\"2081\"><\/p>\n<div class=\"avia-button-wrap avia-button-center avia-builder-el-5 el_after_av_textblock avia-builder-el-last \">\n<div class=\"avia-button avia-icon_select-yes-left-icon avia-color-theme-color avia-size-small avia-position-center \" style=\"padding: 15px;\"><span class=\"avia_iconbox_title\" style=\"font-size: 20px; text-align: center;\">Cliquez ici pour obtenir votre R\u00c9DUCTION<\/span><\/div>\n<\/div>\n<p> <\/a>\n<\/div><\/section>\n<\/div><\/div><\/div><!-- close content main div --><\/div><\/div><div id='after_section_1'  class='main_color av_default_container_wrap container_wrap sidebar_right'  ><div class='container av-section-cont-open' ><div class='template-page content  av-content-small alpha units'><div class='post-entry post-entry-type-page post-entry-3360'><div class='entry-content-wrapper clearfix'>\n","protected":false},"excerpt":{"rendered":"","protected":false},"author":3,"featured_media":0,"parent":0,"menu_order":0,"comment_status":"open","ping_status":"open","template":"","meta":{"footnotes":""},"class_list":["post-3360","page","type-page","status-publish","hentry"],"aioseo_notices":[],"_links":{"self":[{"href":"https:\/\/dukelanguage.com\/fr\/wp-json\/wp\/v2\/pages\/3360","targetHints":{"allow":["GET"]}}],"collection":[{"href":"https:\/\/dukelanguage.com\/fr\/wp-json\/wp\/v2\/pages"}],"about":[{"href":"https:\/\/dukelanguage.com\/fr\/wp-json\/wp\/v2\/types\/page"}],"author":[{"embeddable":true,"href":"https:\/\/dukelanguage.com\/fr\/wp-json\/wp\/v2\/users\/3"}],"replies":[{"embeddable":true,"href":"https:\/\/dukelanguage.com\/fr\/wp-json\/wp\/v2\/comments?post=3360"}],"version-history":[{"count":10,"href":"https:\/\/dukelanguage.com\/fr\/wp-json\/wp\/v2\/pages\/3360\/revisions"}],"predecessor-version":[{"id":15692,"href":"https:\/\/dukelanguage.com\/fr\/wp-json\/wp\/v2\/pages\/3360\/revisions\/15692"}],"wp:attachment":[{"href":"https:\/\/dukelanguage.com\/fr\/wp-json\/wp\/v2\/media?parent=3360"}],"curies":[{"name":"wp","href":"https:\/\/api.w.org\/{rel}","templated":true}]}}